{"id":768,"date":"2018-07-26T14:05:47","date_gmt":"2018-07-26T17:05:47","guid":{"rendered":"https:\/\/es-lpa.infd.edu.ar\/sitio\/?page_id=768"},"modified":"2018-07-26T14:11:37","modified_gmt":"2018-07-26T17:11:37","slug":"docentes","status":"publish","type":"page","link":"https:\/\/es-lpa.infd.edu.ar\/sitio\/docentes\/","title":{"rendered":"Docentes"},"content":{"rendered":"<header class=\"entry-header\">\n<h4 class=\"entry-title\">Trayectos Pedag\u00f3gicos<\/h4>\n<\/header>\n<div class=\"entry-content\">\n<p><strong>Trayectos de Fortalecimiento Pedag\u00f3gico 2018<\/strong><\/p>\n<p style=\"padding-left: 30px;\">Semi-presencial<\/p>\n<p style=\"padding-left: 30px;\">M\u00e1s informaci\u00f3n y pre-inscripciones en:<\/p>\n<p style=\"padding-left: 30px;\"><span data-mce-mark=\"1\"><strong><a href=\"http:\/\/red.infd.edu.ar\/articulos\/trayectos-de-fortalecimiento-pedagogico\/\">http:\/\/red.infd.edu.ar\/articulos\/trayectos-de-fortalecimiento-pedagogico\/<\/a><\/strong><\/span><\/p>\n<p style=\"padding-left: 30px;\">Por cualquier consulta, escribir a trayectospedagogicos@infd.edu.ar o comunicate al 0800-222-0710<\/p>\n<\/div>\n","protected":false},"excerpt":{"rendered":"<p>Trayectos Pedag\u00f3gicos Trayectos de Fortalecimiento Pedag\u00f3gico 2018 Semi-presencial M\u00e1s informaci\u00f3n y pre-inscripciones en: http:\/\/red.infd.edu.ar\/articulos\/trayectos-de-fortalecimiento-pedagogico\/ Por cualquier consulta, escribir a trayectospedagogicos@infd.edu.ar o comunicate al 0800-222-0710<\/p>\n","protected":false},"author":6,"featured_media":0,"parent":0,"menu_order":0,"comment_status":"closed","ping_status":"closed","template":"","meta":[],"acf":[],"_links":{"self":[{"href":"https:\/\/es-lpa.infd.edu.ar\/sitio\/wp-json\/wp\/v2\/pages\/768"}],"collection":[{"href":"https:\/\/es-lpa.infd.edu.ar\/sitio\/wp-json\/wp\/v2\/pages"}],"about":[{"href":"https:\/\/es-lpa.infd.edu.ar\/sitio\/wp-json\/wp\/v2\/types\/page"}],"author":[{"embeddable":true,"href":"https:\/\/es-lpa.infd.edu.ar\/sitio\/wp-json\/wp\/v2\/users\/6"}],"replies":[{"embeddable":true,"href":"https:\/\/es-lpa.infd.edu.ar\/sitio\/wp-json\/wp\/v2\/comments?post=768"}],"version-history":[{"count":4,"href":"https:\/\/es-lpa.infd.edu.ar\/sitio\/wp-json\/wp\/v2\/pages\/768\/revisions"}],"predecessor-version":[{"id":772,"href":"https:\/\/es-lpa.infd.edu.ar\/sitio\/wp-json\/wp\/v2\/pages\/768\/revisions\/772"}],"wp:attachment":[{"href":"https:\/\/es-lpa.infd.edu.ar\/sitio\/wp-json\/wp\/v2\/media?parent=768"}],"curies":[{"name":"wp","href":"https:\/\/api.w.org\/{rel}","templated":true}]}}