{"id":734,"date":"2018-07-26T10:49:22","date_gmt":"2018-07-26T13:49:22","guid":{"rendered":"https:\/\/es-lpa.infd.edu.ar\/sitio\/?page_id=734"},"modified":"2018-07-26T14:04:33","modified_gmt":"2018-07-26T17:04:33","slug":"plan-de-estudio","status":"publish","type":"page","link":"https:\/\/es-lpa.infd.edu.ar\/sitio\/catalogo\/plan-de-estudio\/","title":{"rendered":"Plan de estudio"},"content":{"rendered":"<h4>Profesorado<\/h4>\n<ul>\n<li>\n<pre>Acerca de la carrera<\/pre>\n<\/li>\n<li>\n<pre>Plan de estudios<\/pre>\n<\/li>\n<li>\n<pre>Perfil del Egresado<\/pre>\n<\/li>\n<\/ul>\n<p>&nbsp;<\/p>\n<h4>Acerca de la carrera<\/h4>\n<p>P\u00e1rrafo de texto normal<\/p>\n<h4><\/h4>\n<h4><\/h4>\n<h4>Plan de estudios<\/h4>\n<p>P\u00e1rrafo de texto normal<\/p>\n<p><strong>A\u00f1o<\/strong><\/p>\n<ul>\n<li><strong>Materia<\/strong><\/li>\n<\/ul>\n<p style=\"padding-left: 60px;\">Carga horaria<\/p>\n<p style=\"padding-left: 60px;\">Horario de cursado<\/p>\n<p>&nbsp;<\/p>\n<p>&nbsp;<\/p>\n<h4>Perfil del egresado<\/h4>\n<p>P\u00e1rrafo de texto normal<\/p>\n<p>&nbsp;<\/p>\n","protected":false},"excerpt":{"rendered":"<p>Profesorado Acerca de la carrera Plan de estudios Perfil del Egresado &nbsp; Acerca de la carrera P\u00e1rrafo de texto normal Plan de estudios P\u00e1rrafo de texto normal A\u00f1o Materia Carga horaria Horario de cursado &nbsp; &nbsp; Perfil del egresado P\u00e1rrafo de texto normal &nbsp;<\/p>\n","protected":false},"author":6,"featured_media":0,"parent":644,"menu_order":0,"comment_status":"closed","ping_status":"closed","template":"","meta":[],"acf":[],"_links":{"self":[{"href":"https:\/\/es-lpa.infd.edu.ar\/sitio\/wp-json\/wp\/v2\/pages\/734"}],"collection":[{"href":"https:\/\/es-lpa.infd.edu.ar\/sitio\/wp-json\/wp\/v2\/pages"}],"about":[{"href":"https:\/\/es-lpa.infd.edu.ar\/sitio\/wp-json\/wp\/v2\/types\/page"}],"author":[{"embeddable":true,"href":"https:\/\/es-lpa.infd.edu.ar\/sitio\/wp-json\/wp\/v2\/users\/6"}],"replies":[{"embeddable":true,"href":"https:\/\/es-lpa.infd.edu.ar\/sitio\/wp-json\/wp\/v2\/comments?post=734"}],"version-history":[{"count":5,"href":"https:\/\/es-lpa.infd.edu.ar\/sitio\/wp-json\/wp\/v2\/pages\/734\/revisions"}],"predecessor-version":[{"id":767,"href":"https:\/\/es-lpa.infd.edu.ar\/sitio\/wp-json\/wp\/v2\/pages\/734\/revisions\/767"}],"up":[{"embeddable":true,"href":"https:\/\/es-lpa.infd.edu.ar\/sitio\/wp-json\/wp\/v2\/pages\/644"}],"wp:attachment":[{"href":"https:\/\/es-lpa.infd.edu.ar\/sitio\/wp-json\/wp\/v2\/media?parent=734"}],"curies":[{"name":"wp","href":"https:\/\/api.w.org\/{rel}","templated":true}]}}